{"id":630,"date":"2018-04-14T22:42:25","date_gmt":"2018-04-14T20:42:25","guid":{"rendered":"https:\/\/ruralsolidarity.eu\/?page_id=630"},"modified":"2019-07-24T17:10:24","modified_gmt":"2019-07-24T15:10:24","slug":"situation-agricole","status":"publish","type":"page","link":"https:\/\/ruralsolidarity.eu\/index.php\/situation-agricole\/","title":{"rendered":"SITUATION AGRICOLE EN EUROPE, EN WALLONIE, EN FRANCE ET EN ALLEMAGNE"},"content":{"rendered":"<p>[vc_row][vc_column][vc_custom_heading text=\u00a0\u00bbLa situation agricole en Europe\u00a0\u00bb font_container=\u00a0\u00bbtag:h2|text_align:left|color:%2354ade1&Prime; use_theme_fonts=\u00a0\u00bbyes\u00a0\u00bb][vc_column_text]L\u2019Europe doit faire face aux d\u00e9fis climatiques, environnementaux, d\u00e9mographiques, mais aussi \u00e0 des d\u00e9fis humains et de sant\u00e9 publique. Entre 1993 et 2007, le nombre d\u2019exploitations et la main-d\u2019\u0153uvre ont recul\u00e9 de 22% en Europe, au profit de structures toujours plus grandes.<a href=\"#_ftn1\" name=\"_ftnref1\">[1]<\/a> Sous l\u2019effet de la lib\u00e9ralisation des march\u00e9s, la d\u00e9tresse socio-psychologique d\u00e9clar\u00e9e est en augmentation. En effet, la sant\u00e9 psychique et physique est intimement li\u00e9e \u00e0 l\u2019environnement \u00e9conomique, social, et politique<a href=\"#_ftn2\" name=\"_ftnref2\">[2]<\/a>.<\/p>\n<p>Cet \u00e9tat de la situation agricole se d\u00e9cline diff\u00e9remment selon les particularit\u00e9s nationales rencontr\u00e9es dans chaque pays.<\/p>\n<p><a href=\"#_ftnref1\">[1]<\/a>Peyronnard, M. (2019). Les d\u00e9fis de agricole de l\u2019Europe. www.fne-aura.org<\/p>\n<p><a href=\"#_ftnref2\">[2]<\/a>Droz, Y., Mi\u00e9ville-Ott, V., Jacques-Jouvenot, D. &amp; Lafleur, G. (2014). Malaise en agriculture, Une approche interdisciplinaire des politiques agricoles France-Qu\u00e9bec-Suisse, Karthala.[\/vc_column_text][vc_row_inner][vc_column_inner width=\u00a0\u00bb1\/2&Prime;][vc_cta h2=\u00a0\u00bbLa situation agricole en Wallonie\u00a0\u00bb color=\u00a0\u00bbblack\u00a0\u00bb add_button=\u00a0\u00bbbottom\u00a0\u00bb btn_title=\u00a0\u00bbEn savoir plus\u00a0\u00bb btn_style=\u00a0\u00bboutline\u00a0\u00bb btn_color=\u00a0\u00bbsky\u00a0\u00bb btn_align=\u00a0\u00bbcenter\u00a0\u00bb btn_css_animation=\u00a0\u00bbslideInUp\u00a0\u00bb btn_link=\u00a0\u00bburl:https%3A%2F%2Fruralsolidarity.eu%2Findex.php%2Fsituation-agricole-en-wallonie|||\u00a0\u00bb css=\u00a0\u00bb.vc_custom_1563980495891{background-color: #fcfdff !important;border-radius: 1px !important;}\u00a0\u00bb]On observe en Wallonie une diminution de la surface agricole utile agissant en parall\u00e8le d\u2019une augmentation de la superficie moyenne par exploitation. Dans ce contexte agronomique, les agriculteurs wallons doivent faire face \u00e0 des enjeux multiples\u00a0: financiers, psycho-sociaux et humains[\/vc_cta][\/vc_column_inner][vc_column_inner width=\u00a0\u00bb1\/2&Prime;][vc_cta h2=\u00a0\u00bbLa situation agricole en France\u00a0\u00bb color=\u00a0\u00bbblack\u00a0\u00bb add_button=\u00a0\u00bbbottom\u00a0\u00bb btn_title=\u00a0\u00bbEn savoir plus\u00a0\u00bb btn_style=\u00a0\u00bboutline\u00a0\u00bb btn_color=\u00a0\u00bbsky\u00a0\u00bb btn_align=\u00a0\u00bbcenter\u00a0\u00bb btn_css_animation=\u00a0\u00bbslideInUp\u00a0\u00bb btn_link=\u00a0\u00bburl:%20https%3A%2F%2Fruralsolidarity.eu%2Findex.php%2Fsituation-agricole-en-france%2F|||\u00a0\u00bb css=\u00a0\u00bb.vc_custom_1563981021455{background-color: #fcfdff !important;border-radius: 1px !important;}\u00a0\u00bb]Avec un mod\u00e8le \u00e9conomique qui met les agriculteurs sous pression, la France montre des signes forts de d\u00e9tresse chez les exploitants agricoles, avec un taux de suicide alarmant\u00a0: un agriculteur se suicide chaque jour en France (donn\u00e9es MSA 2015).[\/vc_cta][\/vc_column_inner][\/vc_row_inner][\/vc_column][\/vc_row]\n","protected":false},"excerpt":{"rendered":"<p>[vc_row][vc_column][vc_custom_heading text=\u00a0\u00bbLa situation agricole en Europe\u00a0\u00bb font_container=\u00a0\u00bbtag:h2|text_align:left|color:%2354ade1&Prime; use_theme_fonts=\u00a0\u00bbyes\u00a0\u00bb][vc_column_text]L\u2019Europe doit faire face aux d\u00e9fis climatiques, environnementaux, d\u00e9mographiques, mais aussi \u00e0 des d\u00e9fis humains et de sant\u00e9 publique. Entre 1993 et 2007, le nombre d\u2019exploitations et la main-d\u2019\u0153uvre ont recul\u00e9 de 22% en Europe, au profit de structures toujours plus grandes.[1] Sous l\u2019effet de la lib\u00e9ralisation des [&hellip;]<\/p>\n","protected":false},"author":1,"featured_media":0,"parent":0,"menu_order":0,"comment_status":"closed","ping_status":"closed","template":"","meta":[],"_links":{"self":[{"href":"https:\/\/ruralsolidarity.eu\/index.php\/wp-json\/wp\/v2\/pages\/630"}],"collection":[{"href":"https:\/\/ruralsolidarity.eu\/index.php\/wp-json\/wp\/v2\/pages"}],"about":[{"href":"https:\/\/ruralsolidarity.eu\/index.php\/wp-json\/wp\/v2\/types\/page"}],"author":[{"embeddable":true,"href":"https:\/\/ruralsolidarity.eu\/index.php\/wp-json\/wp\/v2\/users\/1"}],"replies":[{"embeddable":true,"href":"https:\/\/ruralsolidarity.eu\/index.php\/wp-json\/wp\/v2\/comments?post=630"}],"version-history":[{"count":20,"href":"https:\/\/ruralsolidarity.eu\/index.php\/wp-json\/wp\/v2\/pages\/630\/revisions"}],"predecessor-version":[{"id":1578,"href":"https:\/\/ruralsolidarity.eu\/index.php\/wp-json\/wp\/v2\/pages\/630\/revisions\/1578"}],"wp:attachment":[{"href":"https:\/\/ruralsolidarity.eu\/index.php\/wp-json\/wp\/v2\/media?parent=630"}],"curies":[{"name":"wp","href":"https:\/\/api.w.org\/{rel}","templated":true}]}}