{"id":628,"date":"2018-04-14T22:41:31","date_gmt":"2018-04-14T20:41:31","guid":{"rendered":"https:\/\/ruralsolidarity.eu\/?page_id=628"},"modified":"2019-10-21T12:51:32","modified_gmt":"2019-10-21T10:51:32","slug":"agriressources","status":"publish","type":"page","link":"https:\/\/ruralsolidarity.eu\/index.php\/agriressources\/","title":{"rendered":"AgriRessources"},"content":{"rendered":"<p>[vc_section css=\u00a0\u00bb.vc_custom_1558860610210{margin-top: -50px !important;margin-right: -30px !important;margin-left: -30px !important;padding-right: 40px !important;padding-left: 40px !important;background-color: #ffffff !important;}\u00a0\u00bb][vc_row][vc_column width=\u00a0\u00bb1\/3&Prime;][vc_single_image image=\u00a0\u00bb1528&Prime; img_size=\u00a0\u00bbfull\u00a0\u00bb onclick=\u00a0\u00bbcustom_link\u00a0\u00bb img_link_target=\u00a0\u00bb_blank\u00a0\u00bb css_animation=\u00a0\u00bbzoomIn\u00a0\u00bb link=\u00a0\u00bbhttps:\/\/ruralsolidarity.eu\/wp-content\/uploads\/2019\/07\/Brochure_version_FR_17.07.19_2.pdf\u00a0\u00bb][\/vc_column][vc_column width=\u00a0\u00bb1\/3&Prime;][vc_single_image image=\u00a0\u00bb1715&Prime; img_size=\u00a0\u00bbfull\u00a0\u00bb onclick=\u00a0\u00bbcustom_link\u00a0\u00bb img_link_target=\u00a0\u00bb_blank\u00a0\u00bb css_animation=\u00a0\u00bbzoomIn\u00a0\u00bb link=\u00a0\u00bbhttps:\/\/ruralsolidarity.eu\/wp-content\/uploads\/2019\/10\/HANDBOOK-FINAL-AU-18-10-2019-r\u00e9vis\u00e9-OK-pour-publication.pdf\u00a0\u00bb][\/vc_column][vc_column width=\u00a0\u00bb1\/3&Prime;][vc_single_image image=\u00a0\u00bb1711&Prime; img_size=\u00a0\u00bbfull\u00a0\u00bb onclick=\u00a0\u00bbcustom_link\u00a0\u00bb link=\u00a0\u00bbhttps:\/\/ruralsolidarity.eu\/index.php\/methodes\/\u00a0\u00bb][\/vc_column][\/vc_row][vc_row][vc_column][vc_column_text]<strong>Agriressource : Apprendre \u00e0 mobiliser ses ressources et am\u00e9liorer sa qualit\u00e9 de vie<\/strong><\/p>\n<p><a href=\"http:\/\/www.agricall.be\/\">Agricall<\/a>, <a href=\"http:\/\/www.landwirtschaftliche-familienberatung.de\/\">BAG<\/a>, <a href=\"http:\/\/www.solidaritepaysans.org\">Solidarit\u00e9 Paysans<\/a> et <a href=\"https:\/\/www.lfi.at\/\">LFI<\/a> sont des associations qui accompagnent des agriculteurs et agricultrices en difficult\u00e9 et qui mettent en place des formations (\u00e0 destination des agriculteurs ou des accompagnants).<\/p>\n<p>Les associations d\u2019accompagnement des 4 pays (France, Allemagne, Belgique, Autriche) proposent une approche innovante d\u2019accompagnement, centr\u00e9e sur la personne. C\u2019est une \u00abaction de premi\u00e8re ligne\u00bb qui vise \u00e0 s\u00e9curiser le parcours professionnel et personnel des agriculteurs et agricultrices en difficult\u00e9. Cela se r\u00e9sume ainsi :<\/p>\n<ul>\n<li><strong>R\u00e9pondre \u00e0 l\u2019appel de l\u2019agriculteur\/agricultrice et \u00e9couter la demande ;<\/strong><\/li>\n<li><strong>Aider la personne \u00e0 analyser sa situation, \u00e0 prendre le recul n\u00e9cessaire et adopter une r\u00e9flexion critique sur sa propre situation ;<\/strong><\/li>\n<li><strong>L\u2019aider \u00e0 r\u00e9soudre les probl\u00e8mes, en la pla\u00e7ant au c\u0153ur des d\u00e9cisions.<\/strong><\/li>\n<\/ul>\n<p>Touch\u00e9s \u00e0 plusieurs reprises par les crises successives, les agriculteurs et agricultrices europ\u00e9ens sont de plus en plus nombreux \u00e0 faire appel \u00e0 ces 4 associations. Les professionnels de l\u2019agriculture sont une population dont la sant\u00e9 mentale est tr\u00e8s \u00e0 risque.<\/p>\n<p>Dans les 4 pays du partenariat, les organismes constatent que la sant\u00e9 mentale des agriculteurs et agricultrices confront\u00e9s \u00e0 des difficult\u00e9s est tr\u00e8s d\u00e9grad\u00e9e et que les situations sont de plus en plus complexes (suicide ou intention suicidaire, \u00a0sentiment d\u2019\u00e9chec, d\u2019impuissance, de non-reconnaissance, inqui\u00e9tude, insatisfaction.<\/p>\n<p>La confiance en soi et\u00a0 l\u2019estime de soi sont des facteurs reconnus favorables \u00e0 une bonne sant\u00e9 mentale <em>(source : OMS. Les risques pour la sant\u00e9 mentale : aper\u00e7u des vuln\u00e9rabilit\u00e9s et des facteurs de risque, 2012).<\/em><\/p>\n<p>Durant toute l\u2019ann\u00e9e 2016, les organismes se sont rencontr\u00e9s \u00e0 plusieurs reprises et ont abouti au fait qu\u2019il existe des ressources internes et externes chez les agriculteurs accompagn\u00e9s, qui ont \u00e0 un moment donn\u00e9, encourag\u00e9 l\u2019estime de soi et favoris\u00e9 une prise de d\u00e9cision. Tout le probl\u00e8me r\u00e9side dans la capacit\u00e9 des organismes \u00e0 favoriser l\u2019identification et la mobilisation de ces ressources.<\/p>\n<h2><strong><span style=\"color: #00ccff;\">Objectifs du projet Erasmus +<\/span><\/strong><\/h2>\n<p>Dans l\u2019objectif de s\u00e9curiser le parcours des agriculteurs fragilis\u00e9s que les 4 associations accompagnent, et de les aider \u00e0 rebondir dans leur vie, le projet vise \u00e0 :<\/p>\n<ul>\n<li>Permettre aux personnes d\u2019adopter une attitude appropri\u00e9e face aux difficult\u00e9s li\u00e9es \u00e0 leur m\u00e9tier, quel que soit le niveau de ces difficult\u00e9s (\u00e9conomiques, sanitaires, sociales, interpersonnelles, relationnelles)<\/li>\n<li>Apprendre \u00e0 identifier, reconna\u00eetre et mobiliser ses ressources internes et externes pour faire face aux difficult\u00e9s.<\/li>\n<\/ul>\n<p>Pour ce faire, un module de formation destin\u00e9 au groupe cible va \u00eatre con\u00e7u, ainsi qu\u2019une infographie disponible en 3 langues (fran\u00e7ais, allemand, anglais). Ce module de formation pourra \u00e0 terme entrer dans la formation de base des accompagnants de nos organismes.<\/p>\n<h2><strong><span style=\"color: #00ccff;\">Atelier et infographie sur l&rsquo;orientation des ressources<\/span><\/strong><\/h2>\n<p>Gr\u00e2ce \u00e0 l&rsquo;\u00e9change intensif d&rsquo;exp\u00e9riences et \u00e0 la connaissance mutuelle des m\u00e9thodes de conseil des organisations participantes, deux instruments ont \u00e9t\u00e9 d\u00e9velopp\u00e9s dans le cadre de ce projet, que nous souhaitons partager avec vous:<br \/>\n&#8211; une infographie (disponible en fran\u00e7ais, allemand et anglais)<br \/>\n&#8211; ainsi qu\u2019un atelier avec manuel d\u2019accompagnement (disponible en allemand et en fran\u00e7ais).<\/p>\n<p>L&rsquo;infographie travaille sur le th\u00e8me de l&rsquo;orientation des ressources de mani\u00e8re vivante, facile \u00e0 comprendre et concise. De petits exercices devraient aider \u00e0 se concentrer sur ses ressources.<br \/>\nLe manuel de l&rsquo;atelier aborde les th\u00e9ories et les concepts de ressources et enseigne diverses m\u00e9thodes d&rsquo;identification, d&rsquo;activation et de stabilisation des ressources. L&rsquo;atelier comprend un atelier de base pour les agriculteurs et un atelier-cadre avec des informations et des m\u00e9thodes suppl\u00e9mentaires pour les conseillers professionnels, accompagnants ou les b\u00e9n\u00e9voles. Vous pouvez t\u00e9l\u00e9charger l&rsquo;int\u00e9gralit\u00e9 du manuel ou des fiches de m\u00e9thode individuelles.<\/p>\n<p><em>Ce projet est financ\u00e9 avec le soutien de la Commission europ\u00e9enne.<\/em><br \/>\n<em>Cette publication n\u2019engage que son auteur. La Commission n\u2019est pas responsable de l\u2019usage qui pourrait \u00eatre fait des informations qui y sont contenues.<\/em>[\/vc_column_text][vc_single_image image=\u00a0\u00bb1540&Prime; img_size=\u00a0\u00bb300&#215;86&Prime; alignment=\u00a0\u00bbcenter\u00a0\u00bb css=\u00a0\u00bb.vc_custom_1558860500792{padding-top: 10px !important;padding-right: 10px !important;padding-bottom: 10px !important;padding-left: 10px !important;}\u00a0\u00bb][\/vc_column][\/vc_row][vc_row][vc_column offset=\u00a0\u00bbvc_hidden-lg vc_hidden-md vc_hidden-sm vc_hidden-xs\u00a0\u00bb][vc_custom_heading text=\u00a0\u00bbNos Documents \u00a0\u00bb font_container=\u00a0\u00bbtag:h2|text_align:left|color:%2300ccff\u00a0\u00bb use_theme_fonts=\u00a0\u00bbyes\u00a0\u00bb][\/vc_column][\/vc_row][vc_row disable_element=\u00a0\u00bbyes\u00a0\u00bb][vc_column width=\u00a0\u00bb1\/2&Prime;][vc_message style=\u00a0\u00bbsquare\u00a0\u00bb message_box_color=\u00a0\u00bbsky\u00a0\u00bb icon_fontawesome=\u00a0\u00bbfa fa-file-pdf-o\u00a0\u00bb]<a href=\"https:\/\/ruralsolidarity.eu\/wp-content\/uploads\/2018\/04\/Document-vide-3.pdf\"><span style=\"color: #000000;\">lorem ipsum<\/span><\/a>[\/vc_message][vc_message style=\u00a0\u00bbsquare\u00a0\u00bb message_box_color=\u00a0\u00bbsky\u00a0\u00bb icon_fontawesome=\u00a0\u00bbfa fa-file-pdf-o\u00a0\u00bb]<a href=\"https:\/\/ruralsolidarity.eu\/wp-content\/uploads\/2018\/04\/Document-vide-3.pdf\"><span style=\"color: #000000;\">lorem ipsum<\/span><\/a>[\/vc_message][vc_message style=\u00a0\u00bbsquare\u00a0\u00bb message_box_color=\u00a0\u00bbsky\u00a0\u00bb icon_fontawesome=\u00a0\u00bbfa fa-file-pdf-o\u00a0\u00bb]<a href=\"https:\/\/ruralsolidarity.eu\/wp-content\/uploads\/2018\/04\/Document-vide-3.pdf\"><span style=\"color: #000000;\">lorem ipsum<\/span><\/a>[\/vc_message][\/vc_column][vc_column width=\u00a0\u00bb1\/2&Prime;][vc_message style=\u00a0\u00bbsquare\u00a0\u00bb message_box_color=\u00a0\u00bbsky\u00a0\u00bb icon_fontawesome=\u00a0\u00bbfa fa-file-pdf-o\u00a0\u00bb]<a href=\"https:\/\/ruralsolidarity.eu\/wp-content\/uploads\/2018\/04\/Document-vide-3.pdf\"><span style=\"color: #000000;\">lorem ipsum<\/span><\/a>[\/vc_message][vc_message style=\u00a0\u00bbsquare\u00a0\u00bb message_box_color=\u00a0\u00bbsky\u00a0\u00bb icon_fontawesome=\u00a0\u00bbfa fa-file-pdf-o\u00a0\u00bb]<a href=\"https:\/\/ruralsolidarity.eu\/wp-content\/uploads\/2018\/04\/Document-vide-3.pdf\"><span style=\"color: #000000;\">lorem ipsum<\/span><\/a>[\/vc_message][vc_message style=\u00a0\u00bbsquare\u00a0\u00bb message_box_color=\u00a0\u00bbsky\u00a0\u00bb icon_fontawesome=\u00a0\u00bbfa fa-file-pdf-o\u00a0\u00bb]<a href=\"https:\/\/ruralsolidarity.eu\/wp-content\/uploads\/2018\/04\/Document-vide-3.pdf\"><span style=\"color: #000000;\">lorem ipsum<\/span><\/a>[\/vc_message][\/vc_column][\/vc_row][\/vc_section]\n","protected":false},"excerpt":{"rendered":"<p>[vc_section css=\u00a0\u00bb.vc_custom_1558860610210{margin-top: -50px !important;margin-right: -30px !important;margin-left: -30px !important;padding-right: 40px !important;padding-left: 40px !important;background-color: #ffffff !important;}\u00a0\u00bb][vc_row][vc_column width=\u00a0\u00bb1\/3&Prime;][vc_single_image image=\u00a0\u00bb1528&Prime; img_size=\u00a0\u00bbfull\u00a0\u00bb onclick=\u00a0\u00bbcustom_link\u00a0\u00bb img_link_target=\u00a0\u00bb_blank\u00a0\u00bb css_animation=\u00a0\u00bbzoomIn\u00a0\u00bb link=\u00a0\u00bbhttps:\/\/ruralsolidarity.eu\/wp-content\/uploads\/2019\/07\/Brochure_version_FR_17.07.19_2.pdf\u00a0\u00bb][\/vc_column][vc_column width=\u00a0\u00bb1\/3&Prime;][vc_single_image image=\u00a0\u00bb1715&Prime; img_size=\u00a0\u00bbfull\u00a0\u00bb onclick=\u00a0\u00bbcustom_link\u00a0\u00bb img_link_target=\u00a0\u00bb_blank\u00a0\u00bb css_animation=\u00a0\u00bbzoomIn\u00a0\u00bb link=\u00a0\u00bbhttps:\/\/ruralsolidarity.eu\/wp-content\/uploads\/2019\/10\/HANDBOOK-FINAL-AU-18-10-2019-r\u00e9vis\u00e9-OK-pour-publication.pdf\u00a0\u00bb][\/vc_column][vc_column width=\u00a0\u00bb1\/3&Prime;][vc_single_image image=\u00a0\u00bb1711&Prime; img_size=\u00a0\u00bbfull\u00a0\u00bb onclick=\u00a0\u00bbcustom_link\u00a0\u00bb link=\u00a0\u00bbhttps:\/\/ruralsolidarity.eu\/index.php\/methodes\/\u00a0\u00bb][\/vc_column][\/vc_row][vc_row][vc_column][vc_column_text]Agriressource : Apprendre \u00e0 mobiliser ses ressources et am\u00e9liorer sa qualit\u00e9 de vie Agricall, BAG, Solidarit\u00e9 Paysans et LFI sont des associations qui [&hellip;]<\/p>\n","protected":false},"author":1,"featured_media":0,"parent":0,"menu_order":0,"comment_status":"closed","ping_status":"closed","template":"","meta":[],"_links":{"self":[{"href":"https:\/\/ruralsolidarity.eu\/index.php\/wp-json\/wp\/v2\/pages\/628"}],"collection":[{"href":"https:\/\/ruralsolidarity.eu\/index.php\/wp-json\/wp\/v2\/pages"}],"about":[{"href":"https:\/\/ruralsolidarity.eu\/index.php\/wp-json\/wp\/v2\/types\/page"}],"author":[{"embeddable":true,"href":"https:\/\/ruralsolidarity.eu\/index.php\/wp-json\/wp\/v2\/users\/1"}],"replies":[{"embeddable":true,"href":"https:\/\/ruralsolidarity.eu\/index.php\/wp-json\/wp\/v2\/comments?post=628"}],"version-history":[{"count":37,"href":"https:\/\/ruralsolidarity.eu\/index.php\/wp-json\/wp\/v2\/pages\/628\/revisions"}],"predecessor-version":[{"id":1855,"href":"https:\/\/ruralsolidarity.eu\/index.php\/wp-json\/wp\/v2\/pages\/628\/revisions\/1855"}],"wp:attachment":[{"href":"https:\/\/ruralsolidarity.eu\/index.php\/wp-json\/wp\/v2\/media?parent=628"}],"curies":[{"name":"wp","href":"https:\/\/api.w.org\/{rel}","templated":true}]}}