{"id":626,"date":"2018-04-14T22:41:05","date_gmt":"2018-04-14T20:41:05","guid":{"rendered":"https:\/\/ruralsolidarity.eu\/?page_id=626"},"modified":"2018-04-30T21:31:48","modified_gmt":"2018-04-30T19:31:48","slug":"nos-services","status":"publish","type":"page","link":"https:\/\/ruralsolidarity.eu\/index.php\/nos-services\/","title":{"rendered":"Nos services"},"content":{"rendered":"<p>[vc_row][vc_column][vc_custom_heading text=\u00a0\u00bbLes associations du RSE ont pour but:\u00a0\u00bb font_container=\u00a0\u00bbtag:h1|font_size:25|text_align:left|color:%237cb929&Prime; google_fonts=\u00a0\u00bbfont_family:Monda%3Aregular%2C700|font_style:400%20regular%3A400%3Anormal\u00a0\u00bb][vc_column_text]Un accompagnement individuel des personnes (ou familles) bas\u00e9 sur :<\/p>\n<ul>\n<li>une d\u00e9marche volontaire de la personne accompagn\u00e9e,<\/li>\n<li>un diagnostic \u00e9conomique, technique et social,<\/li>\n<li>des temps collectifs (groupes de paroles, r\u00e9unions th\u00e9matiques, formations\u2026) permettant aux personnes accompagn\u00e9es de reprendre go\u00fbt aux relations avec leur environnement et aux responsabilit\u00e9s,<\/li>\n<li>la formation des conseillers, la professionnalisation du service,<\/li>\n<li>un travail en partenariat (capacit\u00e9 des associations \u00e0 mobiliser diff\u00e9rents dispositifs et acteurs),<\/li>\n<\/ul>\n<p>[\/vc_column_text][vc_column_text]Le conseil propos\u00e9 par les associations membres de Rural Solidarity in Europe est ind\u00e9pendant, sans but lucratif.<\/p>\n<p>Il s\u2019inscrit dans une dimension positive :<\/p>\n<ul>\n<li>\u00a0Valoriser les atouts de l\u2019entreprise et des personnes, leur potentiel, \u2026 pour que les personnes reprennent confiance. Les fermes des agriculteurs accompagn\u00e9s sont en grande majorit\u00e9 des exploitations familiales (le capital est d\u00e9tenu par la famille qui travaille sur la ferme, mais les fermes peuvent \u00eatre de toute taille), et dont le patrimoine et les savoirs-faires existent parfois depuis plusieurs g\u00e9n\u00e9rations.<\/li>\n<li>\u00a0Faire confiance : aider les personnes \u00e0 trouver la capacit\u00e9 \u00e0 rebondir, \u00e0 surmonter les difficult\u00e9s, \u00e0 comprendre et s\u2019approprier les dispositifs.<\/li>\n<\/ul>\n<p>Cette approche demande du temps et s\u2019inscrit dans la dur\u00e9e. L\u2019objectif \u00e9tant que les personnes retrouvent plus d\u2019autonomie et la maitrise de leur exploitation.[\/vc_column_text][\/vc_column][\/vc_row]\n","protected":false},"excerpt":{"rendered":"<p>[vc_row][vc_column][vc_custom_heading text=\u00a0\u00bbLes associations du RSE ont pour but:\u00a0\u00bb font_container=\u00a0\u00bbtag:h1|font_size:25|text_align:left|color:%237cb929&Prime; google_fonts=\u00a0\u00bbfont_family:Monda%3Aregular%2C700|font_style:400%20regular%3A400%3Anormal\u00a0\u00bb][vc_column_text]Un accompagnement individuel des personnes (ou familles) bas\u00e9 sur : une d\u00e9marche volontaire de la personne accompagn\u00e9e, un diagnostic \u00e9conomique, technique et social, des temps collectifs (groupes de paroles, r\u00e9unions th\u00e9matiques, formations\u2026) permettant aux personnes accompagn\u00e9es de reprendre go\u00fbt aux relations avec leur environnement et aux [&hellip;]<\/p>\n","protected":false},"author":1,"featured_media":0,"parent":0,"menu_order":0,"comment_status":"closed","ping_status":"closed","template":"","meta":[],"_links":{"self":[{"href":"https:\/\/ruralsolidarity.eu\/index.php\/wp-json\/wp\/v2\/pages\/626"}],"collection":[{"href":"https:\/\/ruralsolidarity.eu\/index.php\/wp-json\/wp\/v2\/pages"}],"about":[{"href":"https:\/\/ruralsolidarity.eu\/index.php\/wp-json\/wp\/v2\/types\/page"}],"author":[{"embeddable":true,"href":"https:\/\/ruralsolidarity.eu\/index.php\/wp-json\/wp\/v2\/users\/1"}],"replies":[{"embeddable":true,"href":"https:\/\/ruralsolidarity.eu\/index.php\/wp-json\/wp\/v2\/comments?post=626"}],"version-history":[{"count":5,"href":"https:\/\/ruralsolidarity.eu\/index.php\/wp-json\/wp\/v2\/pages\/626\/revisions"}],"predecessor-version":[{"id":1110,"href":"https:\/\/ruralsolidarity.eu\/index.php\/wp-json\/wp\/v2\/pages\/626\/revisions\/1110"}],"wp:attachment":[{"href":"https:\/\/ruralsolidarity.eu\/index.php\/wp-json\/wp\/v2\/media?parent=626"}],"curies":[{"name":"wp","href":"https:\/\/api.w.org\/{rel}","templated":true}]}}