{"id":624,"date":"2018-04-14T22:40:46","date_gmt":"2018-04-14T20:40:46","guid":{"rendered":"https:\/\/ruralsolidarity.eu\/?page_id=624"},"modified":"2019-05-26T10:54:05","modified_gmt":"2019-05-26T08:54:05","slug":"qui-sommes-nous","status":"publish","type":"page","link":"https:\/\/ruralsolidarity.eu\/index.php\/qui-sommes-nous\/","title":{"rendered":"Qui sommes-nous"},"content":{"rendered":"<p>[vc_row][vc_column][vc_column_text]Rural Solidarity in Europe est une association de droit fran\u00e7ais cr\u00e9\u00e9e en avril 2014, par 3 associations :[\/vc_column_text][\/vc_column][\/vc_row][vc_row][vc_column width=\u00a0\u00bb1\/3&Prime;][vc_custom_heading text=\u00a0\u00bbAgricall Wallonie Asbl<br \/>\n(Belgique\/ Wallonie)\u00a0\u00bb font_container=\u00a0\u00bbtag:h5|font_size:15|text_align:center|color:%237cb929&Prime; google_fonts=\u00a0\u00bbfont_family:Monda%3Aregular%2C700|font_style:700%20bold%20regular%3A700%3Anormal\u00a0\u00bb css_animation=\u00a0\u00bbflipInX\u00a0\u00bb][vc_single_image image=\u00a0\u00bb721&Prime; alignment=\u00a0\u00bbcenter\u00a0\u00bb style=\u00a0\u00bbvc_box_shadow\u00a0\u00bb onclick=\u00a0\u00bbcustom_link\u00a0\u00bb img_link_target=\u00a0\u00bb_blank\u00a0\u00bb link=\u00a0\u00bbhttp:\/\/www.agricall.be\/\u00a0\u00bb][\/vc_column][vc_column width=\u00a0\u00bb1\/3&Prime;][vc_custom_heading text=\u00a0\u00bbBAG<br \/>\n(Allemagne)\u00a0\u00bb font_container=\u00a0\u00bbtag:h5|font_size:15|text_align:center|color:%237cb929&Prime; google_fonts=\u00a0\u00bbfont_family:Monda%3Aregular%2C700|font_style:700%20bold%20regular%3A700%3Anormal\u00a0\u00bb css_animation=\u00a0\u00bbflipInX\u00a0\u00bb][vc_single_image image=\u00a0\u00bb1091&Prime; alignment=\u00a0\u00bbcenter\u00a0\u00bb style=\u00a0\u00bbvc_box_shadow\u00a0\u00bb onclick=\u00a0\u00bbcustom_link\u00a0\u00bb img_link_target=\u00a0\u00bb_blank\u00a0\u00bb link=\u00a0\u00bbhttp:\/\/www.landwirtschaftliche-familienberatung.de\/\u00a0\u00bb][\/vc_column][vc_column width=\u00a0\u00bb1\/3&Prime;][vc_custom_heading text=\u00a0\u00bbSolidarit\u00e9 Paysans<br \/>\n(France)\u00a0\u00bb font_container=\u00a0\u00bbtag:h5|font_size:15|text_align:center|color:%237cb929&Prime; google_fonts=\u00a0\u00bbfont_family:Monda%3Aregular%2C700|font_style:700%20bold%20regular%3A700%3Anormal\u00a0\u00bb css_animation=\u00a0\u00bbflipInX\u00a0\u00bb][vc_single_image image=\u00a0\u00bb723&Prime; alignment=\u00a0\u00bbcenter\u00a0\u00bb style=\u00a0\u00bbvc_box_shadow\u00a0\u00bb onclick=\u00a0\u00bbcustom_link\u00a0\u00bb img_link_target=\u00a0\u00bb_blank\u00a0\u00bb link=\u00a0\u00bbhttp:\/\/www.solidaritepaysans.org\/\u00a0\u00bb][\/vc_column][\/vc_row][vc_row][vc_column][vc_column_text css=\u00a0\u00bb.vc_custom_1525113970843{margin-bottom: -10px !important;}\u00a0\u00bb]Rural Solidarity in Europe a vocation \u00e0 r\u00e9unir des associations apportant sur le territoire d\u2019un\u00a0 \u00c9tat europ\u00e9en (notamment les membres de l\u2019Union Europ\u00e9enne), un appui, sans but lucratif, \u00e0 des entreprises rurales face aux difficult\u00e9s et d\u00e9fis qu\u2019elles rencontrent, ainsi qu\u2019aux personnes et familles concern\u00e9es. Ses membres respectent le principe de soutien neutre<br \/>\naccessible \u00e0 tout acteur du monde rural.<br \/>\nNombre de personnes\/ familles accompagn\u00e9es en moyenne chaque ann\u00e9e par chacune de nos associations :[\/vc_column_text][vc_row_inner css=\u00a0\u00bb.vc_custom_1558860827425{margin-top: 30px !important;}\u00a0\u00bb][vc_column_inner width=\u00a0\u00bb1\/3&Prime;][vc_separator][vc_custom_heading text=\u00a0\u00bbFrance<br \/>\n3 000 familles\u00a0\u00bb font_container=\u00a0\u00bbtag:h5|font_size:20|text_align:center|color:%237cb929&Prime; google_fonts=\u00a0\u00bbfont_family:Monda%3Aregular%2C700|font_style:700%20bold%20regular%3A700%3Anormal\u00a0\u00bb css_animation=\u00a0\u00bbflipInX\u00a0\u00bb][vc_separator][\/vc_column_inner][vc_column_inner width=\u00a0\u00bb1\/3&Prime;][vc_separator][vc_custom_heading text=\u00a0\u00bbAllemagne<br \/>\n1 600 familles\u00a0\u00bb font_container=\u00a0\u00bbtag:h5|font_size:20|text_align:center|color:%237cb929&Prime; google_fonts=\u00a0\u00bbfont_family:Monda%3Aregular%2C700|font_style:700%20bold%20regular%3A700%3Anormal\u00a0\u00bb css_animation=\u00a0\u00bbflipInX\u00a0\u00bb][vc_separator][\/vc_column_inner][vc_column_inner width=\u00a0\u00bb1\/3&Prime;][vc_separator][vc_custom_heading text=\u00a0\u00bbWallonie (Belgique)<br \/>\n700 personnes\u00a0\u00bb font_container=\u00a0\u00bbtag:h5|font_size:20|text_align:center|color:%237cb929&Prime; google_fonts=\u00a0\u00bbfont_family:Monda%3Aregular%2C700|font_style:700%20bold%20regular%3A700%3Anormal\u00a0\u00bb css_animation=\u00a0\u00bbflipInX\u00a0\u00bb][vc_separator][\/vc_column_inner][\/vc_row_inner][vc_column_text css=\u00a0\u00bb.vc_custom_1558860841093{margin-top: -10px !important;}\u00a0\u00bb]Rural Solidarity in Europe est une plateforme d\u2019\u00e9changes en vue :<br \/>\nD\u2019une part, d\u2019am\u00e9liorer les comp\u00e9tences des r\u00e9seaux nationaux accompagnant les familles rurales (partage d\u2019exp\u00e9rience et d\u2019expertise de conseils, appui au d\u00e9veloppement d\u2019un accompagnement de m\u00eame type dans de nouveaux pays membres\u2026), et d\u2019autre part de sensibiliser l\u2019opinion publique et les pouvoirs d\u00e9cideurs sur les difficult\u00e9s que rencontrent ces familles.<\/p>\n<p>Rural Solidarity in Europe collabore, dans le cadre du projet AgriRessources (Erasmus+), avec l&rsquo;association autrichienne LFI<\/p>\n<p><a href=\"https:\/\/www.lfi.at\/\"><img loading=\"lazy\" class=\"aligncenter wp-image-1096 size-full\" src=\"https:\/\/ruralsolidarity.eu\/wp-content\/uploads\/2018\/04\/LFI-e1525114774856.png\" alt=\"\" width=\"179\" height=\"56\" \/><\/a>[\/vc_column_text][\/vc_column][\/vc_row]\n","protected":false},"excerpt":{"rendered":"<p>[vc_row][vc_column][vc_column_text]Rural Solidarity in Europe est une association de droit fran\u00e7ais cr\u00e9\u00e9e en avril 2014, par 3 associations :[\/vc_column_text][\/vc_column][\/vc_row][vc_row][vc_column width=\u00a0\u00bb1\/3&Prime;][vc_custom_heading text=\u00a0\u00bbAgricall Wallonie Asbl (Belgique\/ Wallonie)\u00a0\u00bb font_container=\u00a0\u00bbtag:h5|font_size:15|text_align:center|color:%237cb929&Prime; google_fonts=\u00a0\u00bbfont_family:Monda%3Aregular%2C700|font_style:700%20bold%20regular%3A700%3Anormal\u00a0\u00bb css_animation=\u00a0\u00bbflipInX\u00a0\u00bb][vc_single_image image=\u00a0\u00bb721&Prime; alignment=\u00a0\u00bbcenter\u00a0\u00bb style=\u00a0\u00bbvc_box_shadow\u00a0\u00bb onclick=\u00a0\u00bbcustom_link\u00a0\u00bb img_link_target=\u00a0\u00bb_blank\u00a0\u00bb link=\u00a0\u00bbhttp:\/\/www.agricall.be\/\u00a0\u00bb][\/vc_column][vc_column width=\u00a0\u00bb1\/3&Prime;][vc_custom_heading text=\u00a0\u00bbBAG (Allemagne)\u00a0\u00bb font_container=\u00a0\u00bbtag:h5|font_size:15|text_align:center|color:%237cb929&Prime; google_fonts=\u00a0\u00bbfont_family:Monda%3Aregular%2C700|font_style:700%20bold%20regular%3A700%3Anormal\u00a0\u00bb css_animation=\u00a0\u00bbflipInX\u00a0\u00bb][vc_single_image image=\u00a0\u00bb1091&Prime; alignment=\u00a0\u00bbcenter\u00a0\u00bb style=\u00a0\u00bbvc_box_shadow\u00a0\u00bb onclick=\u00a0\u00bbcustom_link\u00a0\u00bb img_link_target=\u00a0\u00bb_blank\u00a0\u00bb link=\u00a0\u00bbhttp:\/\/www.landwirtschaftliche-familienberatung.de\/\u00a0\u00bb][\/vc_column][vc_column width=\u00a0\u00bb1\/3&Prime;][vc_custom_heading text=\u00a0\u00bbSolidarit\u00e9 Paysans (France)\u00a0\u00bb font_container=\u00a0\u00bbtag:h5|font_size:15|text_align:center|color:%237cb929&Prime; google_fonts=\u00a0\u00bbfont_family:Monda%3Aregular%2C700|font_style:700%20bold%20regular%3A700%3Anormal\u00a0\u00bb css_animation=\u00a0\u00bbflipInX\u00a0\u00bb][vc_single_image image=\u00a0\u00bb723&Prime; alignment=\u00a0\u00bbcenter\u00a0\u00bb style=\u00a0\u00bbvc_box_shadow\u00a0\u00bb [&hellip;]<\/p>\n","protected":false},"author":1,"featured_media":0,"parent":0,"menu_order":0,"comment_status":"closed","ping_status":"closed","template":"","meta":[],"_links":{"self":[{"href":"https:\/\/ruralsolidarity.eu\/index.php\/wp-json\/wp\/v2\/pages\/624"}],"collection":[{"href":"https:\/\/ruralsolidarity.eu\/index.php\/wp-json\/wp\/v2\/pages"}],"about":[{"href":"https:\/\/ruralsolidarity.eu\/index.php\/wp-json\/wp\/v2\/types\/page"}],"author":[{"embeddable":true,"href":"https:\/\/ruralsolidarity.eu\/index.php\/wp-json\/wp\/v2\/users\/1"}],"replies":[{"embeddable":true,"href":"https:\/\/ruralsolidarity.eu\/index.php\/wp-json\/wp\/v2\/comments?post=624"}],"version-history":[{"count":22,"href":"https:\/\/ruralsolidarity.eu\/index.php\/wp-json\/wp\/v2\/pages\/624\/revisions"}],"predecessor-version":[{"id":1549,"href":"https:\/\/ruralsolidarity.eu\/index.php\/wp-json\/wp\/v2\/pages\/624\/revisions\/1549"}],"wp:attachment":[{"href":"https:\/\/ruralsolidarity.eu\/index.php\/wp-json\/wp\/v2\/media?parent=624"}],"curies":[{"name":"wp","href":"https:\/\/api.w.org\/{rel}","templated":true}]}}