{"id":587,"date":"2018-04-14T00:14:56","date_gmt":"2018-04-13T22:14:56","guid":{"rendered":"https:\/\/ruralsolidarity.eu\/?page_id=587"},"modified":"2019-10-21T13:40:20","modified_gmt":"2019-10-21T11:40:20","slug":"rural-solidarity-in-europe-rse","status":"publish","type":"page","link":"https:\/\/ruralsolidarity.eu\/","title":{"rendered":"Accueil"},"content":{"rendered":"<p>[vc_row equal_height=\u00a0\u00bbyes\u00a0\u00bb css=\u00a0\u00bb.vc_custom_1523742986744{margin-right: -45px !important;margin-left: -45px !important;padding-bottom: 10px !important;}\u00a0\u00bb][vc_column css=\u00a0\u00bb.vc_custom_1523743061046{margin-top: -25px !important;}\u00a0\u00bb][vc_column_text][\/vc_column_text][\/vc_column][\/vc_row][vc_row css=\u00a0\u00bb.vc_custom_1524884839673{margin-top: -10px !important;}\u00a0\u00bb][vc_column][vc_custom_heading text=\u00a0\u00bbRural Solidarity in Europe \u00a0\u00bb font_container=\u00a0\u00bbtag:h1|font_size:30|text_align:center|color:%2354ade1|line_height:1&Prime; use_theme_fonts=\u00a0\u00bbyes\u00a0\u00bb css=\u00a0\u00bb.vc_custom_1524885241132{padding-top: 30px !important;padding-bottom: -20px !important;}\u00a0\u00bb][vc_column_text css=\u00a0\u00bb.vc_custom_1524884814247{padding-top: 0px !important;padding-bottom: 10px !important;}\u00a0\u00bb]Rural Solidarity in Europe a vocation \u00e0 r\u00e9unir des associations apportant sur le territoire d\u2019un Etat europ\u00e9en (notamment les membres de l\u2019Union Europ\u00e9enne), un appui, sans but lucratif, \u00e0 des entreprises rurales face aux difficult\u00e9s et d\u00e9fis qu\u2019elles rencontrent, ainsi qu\u2019aux personnes et familles concern\u00e9es.\u00a0 Ses membres respectent le principe de soutien neutre accessible \u00e0 tout acteur du monde rural.[\/vc_column_text][vc_row_inner][vc_column_inner width=\u00a0\u00bb1\/3&Prime;][vc_icon icon_fontawesome=\u00a0\u00bbfa fa-users\u00a0\u00bb color=\u00a0\u00bbcustom\u00a0\u00bb background_style=\u00a0\u00bbrounded-outline\u00a0\u00bb background_color=\u00a0\u00bbcustom\u00a0\u00bb align=\u00a0\u00bbcenter\u00a0\u00bb css_animation=\u00a0\u00bbfadeInUp\u00a0\u00bb custom_background_color=\u00a0\u00bb#d3df43&Prime; link=\u00a0\u00bburl:http%3A%2F%2Fruralsolidarity.eu%2Findex.php%2Fqui-sommes-nous%2F|||\u00a0\u00bb custom_color=\u00a0\u00bb#54ade1&Prime;][vc_custom_heading text=\u00a0\u00bbQui sommes nous\u00a0\u00bb font_container=\u00a0\u00bbtag:h2|font_size:16|text_align:center|color:%2354ade1&Prime; google_fonts=\u00a0\u00bbfont_family:Alef%3Aregular%2C700|font_style:700%20bold%20regular%3A700%3Anormal\u00a0\u00bb][\/vc_column_inner][vc_column_inner width=\u00a0\u00bb1\/3&Prime;][vc_icon icon_fontawesome=\u00a0\u00bbfa fa-leaf\u00a0\u00bb color=\u00a0\u00bbcustom\u00a0\u00bb background_style=\u00a0\u00bbrounded-outline\u00a0\u00bb background_color=\u00a0\u00bbcustom\u00a0\u00bb align=\u00a0\u00bbcenter\u00a0\u00bb css_animation=\u00a0\u00bbfadeInUp\u00a0\u00bb custom_background_color=\u00a0\u00bb#d3df43&Prime; link=\u00a0\u00bburl:http%3A%2F%2Fruralsolidarity.eu%2Findex.php%2Fsituation-agricole%2F|||\u00a0\u00bb custom_color=\u00a0\u00bb#54ade1&Prime;][vc_custom_heading text=\u00a0\u00bbSituation Agricole\u00a0\u00bb font_container=\u00a0\u00bbtag:h2|font_size:16|text_align:center|color:%2354ade1&Prime; google_fonts=\u00a0\u00bbfont_family:Alef%3Aregular%2C700|font_style:700%20bold%20regular%3A700%3Anormal\u00a0\u00bb][\/vc_column_inner][vc_column_inner width=\u00a0\u00bb1\/3&Prime;][vc_icon type=\u00a0\u00bbopeniconic\u00a0\u00bb icon_openiconic=\u00a0\u00bbvc-oi vc-oi-umbrella\u00a0\u00bb color=\u00a0\u00bbcustom\u00a0\u00bb background_style=\u00a0\u00bbrounded-outline\u00a0\u00bb background_color=\u00a0\u00bbcustom\u00a0\u00bb align=\u00a0\u00bbcenter\u00a0\u00bb css_animation=\u00a0\u00bbfadeInUp\u00a0\u00bb custom_background_color=\u00a0\u00bb#d3df43&Prime; link=\u00a0\u00bburl:http%3A%2F%2Fruralsolidarity.eu%2Findex.php%2Fnos-services%2F|||\u00a0\u00bb custom_color=\u00a0\u00bb#54ade1&Prime;][vc_custom_heading text=\u00a0\u00bbNos services\u00a0\u00bb font_container=\u00a0\u00bbtag:h2|font_size:16|text_align:center|color:%2354ade1&Prime; google_fonts=\u00a0\u00bbfont_family:Alef%3Aregular%2C700|font_style:700%20bold%20regular%3A700%3Anormal\u00a0\u00bb][\/vc_column_inner][\/vc_row_inner][\/vc_column][\/vc_row][vc_row full_width=\u00a0\u00bbstretch_row\u00a0\u00bb css=\u00a0\u00bb.vc_custom_1558817286719{margin-top: -35px !important;}\u00a0\u00bb][vc_column][vc_cta h2=\u00a0\u00bb\u00a0\u00bb txt_align=\u00a0\u00bbcenter\u00a0\u00bb shape=\u00a0\u00bbsquare\u00a0\u00bb color=\u00a0\u00bbgreen\u00a0\u00bb add_button=\u00a0\u00bbbottom\u00a0\u00bb btn_title=\u00a0\u00bbPlus d&rsquo;informations\u00a0\u00bb btn_style=\u00a0\u00bboutline-custom\u00a0\u00bb btn_outline_custom_color=\u00a0\u00bb#008ee0&Prime; btn_outline_custom_hover_background=\u00a0\u00bb#c0d030&Prime; btn_outline_custom_hover_text=\u00a0\u00bb#ffffff\u00a0\u00bb btn_align=\u00a0\u00bbcenter\u00a0\u00bb btn_i_align=\u00a0\u00bbright\u00a0\u00bb btn_i_icon_fontawesome=\u00a0\u00bbfa fa-info\u00a0\u00bb css_animation=\u00a0\u00bbfadeIn\u00a0\u00bb btn_add_icon=\u00a0\u00bbtrue\u00a0\u00bb btn_link=\u00a0\u00bburl:http%3A%2F%2Fruralsolidarity.eu%2Findex.php%2Fqui-sommes-nous%2F|||\u00a0\u00bb css=\u00a0\u00bb.vc_custom_1558828446150{margin-right: -30px !important;margin-left: -30px !important;}\u00a0\u00bb][\/vc_cta][\/vc_column][\/vc_row]\n","protected":false},"excerpt":{"rendered":"<p>[vc_row equal_height=\u00a0\u00bbyes\u00a0\u00bb css=\u00a0\u00bb.vc_custom_1523742986744{margin-right: -45px !important;margin-left: -45px !important;padding-bottom: 10px !important;}\u00a0\u00bb][vc_column css=\u00a0\u00bb.vc_custom_1523743061046{margin-top: -25px !important;}\u00a0\u00bb][vc_column_text][\/vc_column_text][\/vc_column][\/vc_row][vc_row css=\u00a0\u00bb.vc_custom_1524884839673{margin-top: -10px !important;}\u00a0\u00bb][vc_column][vc_custom_heading text=\u00a0\u00bbRural Solidarity in Europe \u00a0\u00bb font_container=\u00a0\u00bbtag:h1|font_size:30|text_align:center|color:%2354ade1|line_height:1&Prime; use_theme_fonts=\u00a0\u00bbyes\u00a0\u00bb css=\u00a0\u00bb.vc_custom_1524885241132{padding-top: 30px !important;padding-bottom: -20px !important;}\u00a0\u00bb][vc_column_text css=\u00a0\u00bb.vc_custom_1524884814247{padding-top: 0px !important;padding-bottom: 10px !important;}\u00a0\u00bb]Rural Solidarity in Europe a vocation \u00e0 r\u00e9unir des associations apportant sur le territoire d\u2019un Etat europ\u00e9en (notamment les membres de l\u2019Union Europ\u00e9enne), un [&hellip;]<\/p>\n","protected":false},"author":1,"featured_media":0,"parent":0,"menu_order":0,"comment_status":"closed","ping_status":"closed","template":"page-templates\/boxed-without-title.php","meta":[],"_links":{"self":[{"href":"https:\/\/ruralsolidarity.eu\/index.php\/wp-json\/wp\/v2\/pages\/587"}],"collection":[{"href":"https:\/\/ruralsolidarity.eu\/index.php\/wp-json\/wp\/v2\/pages"}],"about":[{"href":"https:\/\/ruralsolidarity.eu\/index.php\/wp-json\/wp\/v2\/types\/page"}],"author":[{"embeddable":true,"href":"https:\/\/ruralsolidarity.eu\/index.php\/wp-json\/wp\/v2\/users\/1"}],"replies":[{"embeddable":true,"href":"https:\/\/ruralsolidarity.eu\/index.php\/wp-json\/wp\/v2\/comments?post=587"}],"version-history":[{"count":78,"href":"https:\/\/ruralsolidarity.eu\/index.php\/wp-json\/wp\/v2\/pages\/587\/revisions"}],"predecessor-version":[{"id":1859,"href":"https:\/\/ruralsolidarity.eu\/index.php\/wp-json\/wp\/v2\/pages\/587\/revisions\/1859"}],"wp:attachment":[{"href":"https:\/\/ruralsolidarity.eu\/index.php\/wp-json\/wp\/v2\/media?parent=587"}],"curies":[{"name":"wp","href":"https:\/\/api.w.org\/{rel}","templated":true}]}}