{"id":1931,"date":"2019-10-15T15:34:01","date_gmt":"2019-10-15T13:34:01","guid":{"rendered":"https:\/\/ruralsolidarity.eu\/index.php\/methodes\/"},"modified":"2019-11-25T19:10:23","modified_gmt":"2019-11-25T18:10:23","slug":"methoden","status":"publish","type":"page","link":"https:\/\/ruralsolidarity.eu\/de\/index.php\/methoden\/","title":{"rendered":"Methoden"},"content":{"rendered":"<p>[vc_row][vc_column][vc_column_text]\n<h4>Atelier de base : Fiches m\u00e9thodes \u00e0 t\u00e9l\u00e9charger<\/h4>\n<p>[\/vc_column_text][\/vc_column][\/vc_row][vc_row][vc_column width=\u00a0\u00bb1\/2&Prime;][vc_cta h2=\u00a0\u00bb\u00a0\u00bb add_button=\u00a0\u00bbleft\u00a0\u00bb btn_title=\u00a0\u00bbT\u00e9l\u00e9chargez\u00a0\u00bb btn_style=\u00a0\u00bbclassic\u00a0\u00bb btn_color=\u00a0\u00bbsky\u00a0\u00bb btn_size=\u00a0\u00bbxs\u00a0\u00bb css=\u00a0\u00bb.vc_custom_1571651288998{background-color: #fcfcfc !important;}\u00a0\u00bb btn_link=\u00a0\u00bburl:https%3A%2F%2Fruralsolidarity.eu%2Fwp-content%2Fuploads%2F2019%2F10%2F1_les-deux-revers-de-la-m%C3%A9daille.pdf|target:%20_blank|\u00a0\u00bb]Les deux revers de la m\u00e9daille[\/vc_cta][vc_cta h2=\u00a0\u00bb\u00a0\u00bb add_button=\u00a0\u00bbleft\u00a0\u00bb btn_title=\u00a0\u00bbT\u00e9l\u00e9chargez\u00a0\u00bb btn_style=\u00a0\u00bbclassic\u00a0\u00bb btn_color=\u00a0\u00bbsky\u00a0\u00bb btn_size=\u00a0\u00bbxs\u00a0\u00bb css=\u00a0\u00bb.vc_custom_1571651609959{background-color: #fcfcfc !important;}\u00a0\u00bb btn_link=\u00a0\u00bburl:https%3A%2F%2Fruralsolidarity.eu%2Fwp-content%2Fuploads%2F2019%2F10%2F3_Cat%C3%A9gorisation-des-ressources.pdf|target:%20_blank|\u00a0\u00bb]Cat\u00e9gorisation des ressources[\/vc_cta][vc_cta h2=\u00a0\u00bb\u00a0\u00bb add_button=\u00a0\u00bbleft\u00a0\u00bb btn_title=\u00a0\u00bbT\u00e9l\u00e9chargez\u00a0\u00bb btn_style=\u00a0\u00bbclassic\u00a0\u00bb btn_color=\u00a0\u00bbsky\u00a0\u00bb btn_size=\u00a0\u00bbxs\u00a0\u00bb css=\u00a0\u00bb.vc_custom_1571651828171{background-color: #fcfcfc !important;}\u00a0\u00bb btn_link=\u00a0\u00bburl:https%3A%2F%2Fruralsolidarity.eu%2Fwp-content%2Fuploads%2F2019%2F10%2F5_Remerciements-et-working-sheet.pdf|target:%20_blank|\u00a0\u00bb]Remerciements[\/vc_cta][vc_cta h2=\u00a0\u00bb\u00a0\u00bb add_button=\u00a0\u00bbleft\u00a0\u00bb btn_title=\u00a0\u00bbT\u00e9l\u00e9chargez\u00a0\u00bb btn_style=\u00a0\u00bbclassic\u00a0\u00bb btn_color=\u00a0\u00bbsky\u00a0\u00bb btn_size=\u00a0\u00bbxs\u00a0\u00bb css=\u00a0\u00bb.vc_custom_1571652008835{background-color: #fcfcfc !important;}\u00a0\u00bb btn_link=\u00a0\u00bburl:https%3A%2F%2Fruralsolidarity.eu%2Fwp-content%2Fuploads%2F2019%2F10%2F7_Pr%C3%A9sentation-de-la-r%C3%A9silience.pdf|target:%20_blank|\u00a0\u00bb]Pr\u00e9sentation de la r\u00e9silience[\/vc_cta][vc_cta h2=\u00a0\u00bb\u00a0\u00bb add_button=\u00a0\u00bbleft\u00a0\u00bb btn_title=\u00a0\u00bbT\u00e9l\u00e9chargez\u00a0\u00bb btn_style=\u00a0\u00bbclassic\u00a0\u00bb btn_color=\u00a0\u00bbsky\u00a0\u00bb btn_size=\u00a0\u00bbxs\u00a0\u00bb css=\u00a0\u00bb.vc_custom_1571652132813{background-color: #fcfcfc !important;}\u00a0\u00bb btn_link=\u00a0\u00bburl:https%3A%2F%2Fruralsolidarity.eu%2Fwp-content%2Fuploads%2F2019%2F10%2F10_Salutog%C3%A9n%C3%A8se.pdf|target:%20_blank|\u00a0\u00bb]Salutog\u00e9n\u00e8se et coh\u00e9rence[\/vc_cta][vc_cta h2=\u00a0\u00bb\u00a0\u00bb add_button=\u00a0\u00bbleft\u00a0\u00bb btn_title=\u00a0\u00bbT\u00e9l\u00e9chargez\u00a0\u00bb btn_style=\u00a0\u00bbclassic\u00a0\u00bb btn_color=\u00a0\u00bbsky\u00a0\u00bb btn_size=\u00a0\u00bbxs\u00a0\u00bb css=\u00a0\u00bb.vc_custom_1571652217176{background-color: #fcfcfc !important;}\u00a0\u00bb btn_link=\u00a0\u00bburl:https%3A%2F%2Fruralsolidarity.eu%2Fwp-content%2Fuploads%2F2019%2F10%2F12_Mise-en-image.pdf|target:%20_blank|\u00a0\u00bb]Mise en image[\/vc_cta][vc_cta h2=\u00a0\u00bb\u00a0\u00bb add_button=\u00a0\u00bbleft\u00a0\u00bb btn_title=\u00a0\u00bbT\u00e9l\u00e9chargez\u00a0\u00bb btn_style=\u00a0\u00bbclassic\u00a0\u00bb btn_color=\u00a0\u00bbsky\u00a0\u00bb btn_size=\u00a0\u00bbxs\u00a0\u00bb css=\u00a0\u00bb.vc_custom_1571652979550{background-color: #fcfcfc !important;}\u00a0\u00bb btn_link=\u00a0\u00bburl:https%3A%2F%2Fruralsolidarity.eu%2Fwp-content%2Fuploads%2F2019%2F10%2F14_Petit-cadeau-de-fin.pdf|target:%20_blank|\u00a0\u00bb]Petit cadeau de fin[\/vc_cta][vc_cta h2=\u00a0\u00bb\u00a0\u00bb add_button=\u00a0\u00bbleft\u00a0\u00bb btn_title=\u00a0\u00bbT\u00e9l\u00e9chargez\u00a0\u00bb btn_style=\u00a0\u00bbclassic\u00a0\u00bb btn_color=\u00a0\u00bbsky\u00a0\u00bb btn_size=\u00a0\u00bbxs\u00a0\u00bb css=\u00a0\u00bb.vc_custom_1571653043051{background-color: #fcfcfc !important;}\u00a0\u00bb btn_link=\u00a0\u00bburl:https%3A%2F%2Fruralsolidarity.eu%2Fwp-content%2Fuploads%2F2019%2F10%2F190924_Salutog%C3%A9n%C3%A8se-et-coh%C3%A9rence.pdf|target:%20_blank|\u00a0\u00bb]Qu&rsquo;est\u2010ce qui garde les gens en bonne sant\u00e9 ? Le mod\u00e8le de salutogen\u00e8se d&rsquo;Antonovsky <strong>\u00a9<\/strong>[\/vc_cta][\/vc_column][vc_column width=\u00a0\u00bb1\/2&Prime;][vc_cta h2=\u00a0\u00bb\u00a0\u00bb add_button=\u00a0\u00bbleft\u00a0\u00bb btn_title=\u00a0\u00bbT\u00e9l\u00e9chargez\u00a0\u00bb btn_style=\u00a0\u00bbclassic\u00a0\u00bb btn_color=\u00a0\u00bbsky\u00a0\u00bb btn_size=\u00a0\u00bbxs\u00a0\u00bb css=\u00a0\u00bb.vc_custom_1571651561012{background-color: #fcfcfc !important;}\u00a0\u00bb btn_link=\u00a0\u00bburl:https%3A%2F%2Fruralsolidarity.eu%2Fwp-content%2Fuploads%2F2019%2F10%2F2-Pr%C3%A9sentation-ressources-et-neurobiologie.pdf|target:%20_blank|\u00a0\u00bb]Ressources et neurobiologie[\/vc_cta][vc_cta h2=\u00a0\u00bb\u00a0\u00bb add_button=\u00a0\u00bbleft\u00a0\u00bb btn_title=\u00a0\u00bbT\u00e9l\u00e9chargez\u00a0\u00bb btn_style=\u00a0\u00bbclassic\u00a0\u00bb btn_color=\u00a0\u00bbsky\u00a0\u00bb btn_size=\u00a0\u00bbxs\u00a0\u00bb css=\u00a0\u00bb.vc_custom_1571651667478{background-color: #fcfcfc !important;}\u00a0\u00bb btn_link=\u00a0\u00bburl:https%3A%2F%2Fruralsolidarity.eu%2Fwp-content%2Fuploads%2F2019%2F10%2F4_diagnostic-des-ressources-et-working-sheet.pdf|target:%20_blank|\u00a0\u00bb]Diagnostic des ressources[\/vc_cta][vc_cta h2=\u00a0\u00bb\u00a0\u00bb add_button=\u00a0\u00bbleft\u00a0\u00bb btn_title=\u00a0\u00bbT\u00e9l\u00e9chargez\u00a0\u00bb btn_style=\u00a0\u00bbclassic\u00a0\u00bb btn_color=\u00a0\u00bbsky\u00a0\u00bb btn_size=\u00a0\u00bbxs\u00a0\u00bb css=\u00a0\u00bb.vc_custom_1571651863745{background-color: #fcfcfc !important;}\u00a0\u00bb btn_link=\u00a0\u00bburl:https%3A%2F%2Fruralsolidarity.eu%2Fwp-content%2Fuploads%2F2019%2F10%2F6-G%C3%A9nogramme.pdf|target:%20_blank|\u00a0\u00bb]G\u00e9nogramme sur les perspectives de ressources[\/vc_cta][vc_cta h2=\u00a0\u00bb\u00a0\u00bb add_button=\u00a0\u00bbleft\u00a0\u00bb btn_title=\u00a0\u00bbT\u00e9l\u00e9chargez\u00a0\u00bb btn_style=\u00a0\u00bbclassic\u00a0\u00bb btn_color=\u00a0\u00bbsky\u00a0\u00bb btn_size=\u00a0\u00bbxs\u00a0\u00bb css=\u00a0\u00bb.vc_custom_1571652055993{background-color: #fcfcfc !important;}\u00a0\u00bb btn_link=\u00a0\u00bburl:https%3A%2F%2Fruralsolidarity.eu%2Fwp-content%2Fuploads%2F2019%2F10%2F9_Pecheur-de-perles.pdf|target:%20_blank|\u00a0\u00bb]Le p\u00eacheur de perles[\/vc_cta][vc_cta h2=\u00a0\u00bb\u00a0\u00bb add_button=\u00a0\u00bbleft\u00a0\u00bb btn_title=\u00a0\u00bbT\u00e9l\u00e9chargez\u00a0\u00bb btn_style=\u00a0\u00bbclassic\u00a0\u00bb btn_color=\u00a0\u00bbsky\u00a0\u00bb btn_size=\u00a0\u00bbxs\u00a0\u00bb css=\u00a0\u00bb.vc_custom_1571652172396{background-color: #fcfcfc !important;}\u00a0\u00bb btn_link=\u00a0\u00bburl:https%3A%2F%2Fruralsolidarity.eu%2Fwp-content%2Fuploads%2F2019%2F10%2F11_Diamant.pdf|target:%20_blank|\u00a0\u00bb]DIAMANT \u2013 R\u00e9flexion sur les ressources[\/vc_cta][vc_cta h2=\u00a0\u00bb\u00a0\u00bb add_button=\u00a0\u00bbleft\u00a0\u00bb btn_title=\u00a0\u00bbT\u00e9l\u00e9chargez\u00a0\u00bb btn_style=\u00a0\u00bbclassic\u00a0\u00bb btn_color=\u00a0\u00bbsky\u00a0\u00bb btn_size=\u00a0\u00bbxs\u00a0\u00bb css=\u00a0\u00bb.vc_custom_1571653379580{background-color: #fcfcfc !important;}\u00a0\u00bb btn_link=\u00a0\u00bburl:https%3A%2F%2Fruralsolidarity.eu%2Fwp-content%2Fuploads%2F2019%2F10%2F13_De-retour-du-futur.pdf|target:%20_blank|\u00a0\u00bb]De retour du futur[\/vc_cta][vc_cta h2=\u00a0\u00bb\u00a0\u00bb add_button=\u00a0\u00bbleft\u00a0\u00bb btn_title=\u00a0\u00bbT\u00e9l\u00e9chargez\u00a0\u00bb btn_style=\u00a0\u00bbclassic\u00a0\u00bb btn_color=\u00a0\u00bbsky\u00a0\u00bb btn_size=\u00a0\u00bbxs\u00a0\u00bb css=\u00a0\u00bb.vc_custom_1571652315084{background-color: #fcfcfc !important;}\u00a0\u00bb btn_link=\u00a0\u00bburl:https%3A%2F%2Fruralsolidarity.eu%2Fwp-content%2Fuploads%2F2019%2F10%2F15_Autonomie.pdf|target:%20_blank|\u00a0\u00bb]Autonomie[\/vc_cta][vc_cta h2=\u00a0\u00bb\u00a0\u00bb add_button=\u00a0\u00bbleft\u00a0\u00bb btn_title=\u00a0\u00bbT\u00e9l\u00e9chargez\u00a0\u00bb btn_style=\u00a0\u00bbclassic\u00a0\u00bb btn_color=\u00a0\u00bbsky\u00a0\u00bb btn_size=\u00a0\u00bbxs\u00a0\u00bb css=\u00a0\u00bb.vc_custom_1571653913914{background-color: #fcfcfc !important;}\u00a0\u00bb btn_link=\u00a0\u00bburl:https%3A%2F%2Fruralsolidarity.eu%2Fwp-content%2Fuploads%2F2019%2F10%2F190924_Questionnnaire-RSE_FR-version.pdf|target:%20_blank|\u00a0\u00bb]Questionnaire auto-\u00e9valuation des ressources <strong>\u00a9<\/strong>[\/vc_cta][\/vc_column][\/vc_row][vc_row][vc_column][vc_column_text]\n<h4>Atelier cadre : Fiches m\u00e9thodes \u00e0 t\u00e9l\u00e9charger<\/h4>\n<p>[\/vc_column_text][\/vc_column][\/vc_row][vc_row][vc_column width=\u00a0\u00bb1\/2&Prime;][vc_cta h2=\u00a0\u00bb\u00a0\u00bb add_button=\u00a0\u00bbleft\u00a0\u00bb btn_title=\u00a0\u00bbT\u00e9l\u00e9chargez\u00a0\u00bb btn_style=\u00a0\u00bbclassic\u00a0\u00bb btn_color=\u00a0\u00bbsky\u00a0\u00bb btn_size=\u00a0\u00bbxs\u00a0\u00bb css=\u00a0\u00bb.vc_custom_1571653428991{background-color: #fcfcfc !important;}\u00a0\u00bb btn_link=\u00a0\u00bburl:https%3A%2F%2Fruralsolidarity.eu%2Fwp-content%2Fuploads%2F2019%2F10%2F1_Line-in.pdf|target:%20_blank|\u00a0\u00bb]Line-In \u2013 De quoi s\u2019agit-il ?[\/vc_cta][vc_cta h2=\u00a0\u00bb\u00a0\u00bb add_button=\u00a0\u00bbleft\u00a0\u00bb btn_title=\u00a0\u00bbT\u00e9l\u00e9chargez\u00a0\u00bb btn_style=\u00a0\u00bbclassic\u00a0\u00bb btn_color=\u00a0\u00bbsky\u00a0\u00bb btn_size=\u00a0\u00bbxs\u00a0\u00bb css=\u00a0\u00bb.vc_custom_1571653519418{background-color: #fcfcfc !important;}\u00a0\u00bb btn_link=\u00a0\u00bburl:https%3A%2F%2Fruralsolidarity.eu%2Fwp-content%2Fuploads%2F2019%2F10%2F3_R%C3%A9silience-op%C3%A9rationnelle-outils-de-diagnostic.pdf|target:%20_blank|\u00a0\u00bb]R\u00e9silience op\u00e9rationnelle &#8211; Outil de diagnostic[\/vc_cta][vc_cta h2=\u00a0\u00bb\u00a0\u00bb add_button=\u00a0\u00bbleft\u00a0\u00bb btn_title=\u00a0\u00bbT\u00e9l\u00e9chargez\u00a0\u00bb btn_style=\u00a0\u00bbclassic\u00a0\u00bb btn_color=\u00a0\u00bbsky\u00a0\u00bb btn_size=\u00a0\u00bbxs\u00a0\u00bb css=\u00a0\u00bb.vc_custom_1571653595774{background-color: #fcfcfc !important;}\u00a0\u00bb btn_link=\u00a0\u00bburl:https%3A%2F%2Fruralsolidarity.eu%2Fwp-content%2Fuploads%2F2019%2F10%2F5_Maitrise-des-syt%C3%A8mes_Apprentissage-autonome.pdf|target:%20_blank|\u00a0\u00bb]Apprentissage autonome &#8211; Ma\u00eetrise des syst\u00e8mes[\/vc_cta][vc_cta h2=\u00a0\u00bb\u00a0\u00bb add_button=\u00a0\u00bbleft\u00a0\u00bb btn_title=\u00a0\u00bbT\u00e9l\u00e9chargez\u00a0\u00bb btn_style=\u00a0\u00bbclassic\u00a0\u00bb btn_color=\u00a0\u00bbsky\u00a0\u00bb btn_size=\u00a0\u00bbxs\u00a0\u00bb css=\u00a0\u00bb.vc_custom_1571653666220{background-color: #fcfcfc !important;}\u00a0\u00bb btn_link=\u00a0\u00bburl:https%3A%2F%2Fruralsolidarity.eu%2Fwp-content%2Fuploads%2F2019%2F10%2F7_Ecoute-dans-le-cadre-de-la-mobilisation.pdf|target:%20_blank|\u00a0\u00bb]Ecoute dans le cadre de la mobilisation des ressources[\/vc_cta][vc_cta h2=\u00a0\u00bb\u00a0\u00bb add_button=\u00a0\u00bbleft\u00a0\u00bb btn_title=\u00a0\u00bbT\u00e9l\u00e9chargez\u00a0\u00bb btn_style=\u00a0\u00bbclassic\u00a0\u00bb btn_color=\u00a0\u00bbsky\u00a0\u00bb btn_size=\u00a0\u00bbxs\u00a0\u00bb css=\u00a0\u00bb.vc_custom_1571653739566{background-color: #fcfcfc !important;}\u00a0\u00bb btn_link=\u00a0\u00bburl:https%3A%2F%2Fruralsolidarity.eu%2Fwp-content%2Fuploads%2F2019%2F10%2F9_Disque-dur-externe.pdf|target:%20_blank|\u00a0\u00bb]Disque dur externe &#8211; Ressourcenpriming[\/vc_cta][vc_cta h2=\u00a0\u00bb\u00a0\u00bb add_button=\u00a0\u00bbleft\u00a0\u00bb btn_title=\u00a0\u00bbT\u00e9l\u00e9chargez\u00a0\u00bb btn_style=\u00a0\u00bbclassic\u00a0\u00bb btn_color=\u00a0\u00bbsky\u00a0\u00bb btn_size=\u00a0\u00bbxs\u00a0\u00bb css=\u00a0\u00bb.vc_custom_1571653823710{background-color: #fcfcfc !important;}\u00a0\u00bb btn_link=\u00a0\u00bburl:https%3A%2F%2Fruralsolidarity.eu%2Fwp-content%2Fuploads%2F2019%2F10%2F11_Clich%C3%A9s-de-accompagnants.pdf|target:%20_blank|\u00a0\u00bb]Clich\u00e9s des accompagnant.e.s[\/vc_cta][\/vc_column][vc_column width=\u00a0\u00bb1\/2&Prime;][vc_cta h2=\u00a0\u00bb\u00a0\u00bb add_button=\u00a0\u00bbleft\u00a0\u00bb btn_title=\u00a0\u00bbT\u00e9l\u00e9chargez\u00a0\u00bb btn_style=\u00a0\u00bbclassic\u00a0\u00bb btn_color=\u00a0\u00bbsky\u00a0\u00bb btn_size=\u00a0\u00bbxs\u00a0\u00bb css=\u00a0\u00bb.vc_custom_1571653467135{background-color: #fcfcfc !important;}\u00a0\u00bb btn_link=\u00a0\u00bburl:https%3A%2F%2Fruralsolidarity.eu%2Fwp-content%2Fuploads%2F2019%2F10%2F2_Les-attentes-du-point-de-vue-des-ressources.pdf|target:%20_blank|\u00a0\u00bb]Les attentes du point de vue des ressources[\/vc_cta][vc_cta h2=\u00a0\u00bb\u00a0\u00bb add_button=\u00a0\u00bbleft\u00a0\u00bb btn_title=\u00a0\u00bbT\u00e9l\u00e9chargez\u00a0\u00bb btn_style=\u00a0\u00bbclassic\u00a0\u00bb btn_color=\u00a0\u00bbsky\u00a0\u00bb btn_size=\u00a0\u00bbxs\u00a0\u00bb css=\u00a0\u00bb.vc_custom_1571653556812{background-color: #fcfcfc !important;}\u00a0\u00bb btn_link=\u00a0\u00bburl:https%3A%2F%2Fruralsolidarity.eu%2Fwp-content%2Fuploads%2F2019%2F10%2F4_Maitrise-de-ssyst%C3%A8mes_-les-ressources-professionnelles.pdf|target:%20_blank|\u00a0\u00bb]Ma\u00eetrise des syst\u00e8mes \u2013 les ressources professionnelles de l\u2019accompagnant.e[\/vc_cta][vc_cta h2=\u00a0\u00bb\u00a0\u00bb add_button=\u00a0\u00bbleft\u00a0\u00bb btn_title=\u00a0\u00bbT\u00e9l\u00e9chargez\u00a0\u00bb btn_style=\u00a0\u00bbclassic\u00a0\u00bb btn_color=\u00a0\u00bbsky\u00a0\u00bb btn_size=\u00a0\u00bbxs\u00a0\u00bb css=\u00a0\u00bb.vc_custom_1571653627799{background-color: #fcfcfc !important;}\u00a0\u00bb btn_link=\u00a0\u00bburl:https%3A%2F%2Fruralsolidarity.eu%2Fwp-content%2Fuploads%2F2019%2F10%2F6_Entretien-ax%C3%A9-sur-la-mobilisation-des-ressources.pdf|target:%20_blank|\u00a0\u00bb]Entretien ax\u00e9 sur la mobilisation des ressources[\/vc_cta][vc_cta h2=\u00a0\u00bb\u00a0\u00bb add_button=\u00a0\u00bbleft\u00a0\u00bb btn_title=\u00a0\u00bbT\u00e9l\u00e9chargez\u00a0\u00bb btn_style=\u00a0\u00bbclassic\u00a0\u00bb btn_color=\u00a0\u00bbsky\u00a0\u00bb btn_size=\u00a0\u00bbxs\u00a0\u00bb css=\u00a0\u00bb.vc_custom_1571653702513{background-color: #fcfcfc !important;}\u00a0\u00bb btn_link=\u00a0\u00bburl:https%3A%2F%2Fruralsolidarity.eu%2Fwp-content%2Fuploads%2F2019%2F10%2F8_Requalification.pdf|target:%20_blank|\u00a0\u00bb]Requalification[\/vc_cta][vc_cta h2=\u00a0\u00bb\u00a0\u00bb add_button=\u00a0\u00bbleft\u00a0\u00bb btn_title=\u00a0\u00bbT\u00e9l\u00e9chargez\u00a0\u00bb btn_style=\u00a0\u00bbclassic\u00a0\u00bb btn_color=\u00a0\u00bbsky\u00a0\u00bb btn_size=\u00a0\u00bbxs\u00a0\u00bb css=\u00a0\u00bb.vc_custom_1571653773844{background-color: #fcfcfc !important;}\u00a0\u00bb btn_link=\u00a0\u00bburl:https%3A%2F%2Fruralsolidarity.eu%2Fwp-content%2Fuploads%2F2019%2F10%2F10_Quaurais-je-de-plus-%C3%A0-dire.pdf|target:%20_blank|\u00a0\u00bb]\u201eQu\u2019aurais-je de plus \u00e0 dire\u2026 ?\u201c R\u00e9flexion sur les ressources et retours[\/vc_cta][vc_cta h2=\u00a0\u00bb\u00a0\u00bb add_button=\u00a0\u00bbleft\u00a0\u00bb btn_title=\u00a0\u00bbT\u00e9l\u00e9chargez\u00a0\u00bb btn_style=\u00a0\u00bbclassic\u00a0\u00bb btn_color=\u00a0\u00bbsky\u00a0\u00bb btn_size=\u00a0\u00bbxs\u00a0\u00bb css=\u00a0\u00bb.vc_custom_1571653969215{background-color: #fcfcfc !important;}\u00a0\u00bb btn_link=\u00a0\u00bburl:https%3A%2F%2Fruralsolidarity.eu%2Fwp-content%2Fuploads%2F2019%2F10%2F190924_RESILIRE_Outil-de-diagnostic.pdf|target:%20_blank|\u00a0\u00bb]Resilire \u2013 La r\u00e9silience op\u00e9rationnelle<br \/>\nOutil de diagnostic <strong>\u00a9<\/strong>[\/vc_cta][\/vc_column][\/vc_row]\n","protected":false},"excerpt":{"rendered":"<p>[vc_row][vc_column][vc_column_text] Atelier de base : Fiches m\u00e9thodes \u00e0 t\u00e9l\u00e9charger [\/vc_column_text][\/vc_column][\/vc_row][vc_row][vc_column width=\u00a0\u00bb1\/2&Prime;][vc_cta h2=\u00a0\u00bb\u00a0\u00bb add_button=\u00a0\u00bbleft\u00a0\u00bb btn_title=\u00a0\u00bbT\u00e9l\u00e9chargez\u00a0\u00bb btn_style=\u00a0\u00bbclassic\u00a0\u00bb btn_color=\u00a0\u00bbsky\u00a0\u00bb btn_size=\u00a0\u00bbxs\u00a0\u00bb css=\u00a0\u00bb.vc_custom_1571651288998{background-color: #fcfcfc !important;}\u00a0\u00bb btn_link=\u00a0\u00bburl:https%3A%2F%2Fruralsolidarity.eu%2Fwp-content%2Fuploads%2F2019%2F10%2F1_les-deux-revers-de-la-m%C3%A9daille.pdf|target:%20_blank|\u00a0\u00bb]Les deux revers de la m\u00e9daille[\/vc_cta][vc_cta h2=\u00a0\u00bb\u00a0\u00bb add_button=\u00a0\u00bbleft\u00a0\u00bb btn_title=\u00a0\u00bbT\u00e9l\u00e9chargez\u00a0\u00bb btn_style=\u00a0\u00bbclassic\u00a0\u00bb btn_color=\u00a0\u00bbsky\u00a0\u00bb btn_size=\u00a0\u00bbxs\u00a0\u00bb css=\u00a0\u00bb.vc_custom_1571651609959{background-color: #fcfcfc !important;}\u00a0\u00bb btn_link=\u00a0\u00bburl:https%3A%2F%2Fruralsolidarity.eu%2Fwp-content%2Fuploads%2F2019%2F10%2F3_Cat%C3%A9gorisation-des-ressources.pdf|target:%20_blank|\u00a0\u00bb]Cat\u00e9gorisation des ressources[\/vc_cta][vc_cta h2=\u00a0\u00bb\u00a0\u00bb add_button=\u00a0\u00bbleft\u00a0\u00bb btn_title=\u00a0\u00bbT\u00e9l\u00e9chargez\u00a0\u00bb btn_style=\u00a0\u00bbclassic\u00a0\u00bb btn_color=\u00a0\u00bbsky\u00a0\u00bb btn_size=\u00a0\u00bbxs\u00a0\u00bb css=\u00a0\u00bb.vc_custom_1571651828171{background-color: #fcfcfc !important;}\u00a0\u00bb btn_link=\u00a0\u00bburl:https%3A%2F%2Fruralsolidarity.eu%2Fwp-content%2Fuploads%2F2019%2F10%2F5_Remerciements-et-working-sheet.pdf|target:%20_blank|\u00a0\u00bb]Remerciements[\/vc_cta][vc_cta h2=\u00a0\u00bb\u00a0\u00bb add_button=\u00a0\u00bbleft\u00a0\u00bb btn_title=\u00a0\u00bbT\u00e9l\u00e9chargez\u00a0\u00bb btn_style=\u00a0\u00bbclassic\u00a0\u00bb btn_color=\u00a0\u00bbsky\u00a0\u00bb btn_size=\u00a0\u00bbxs\u00a0\u00bb css=\u00a0\u00bb.vc_custom_1571652008835{background-color: [&hellip;]<\/p>\n","protected":false},"author":1,"featured_media":0,"parent":0,"menu_order":0,"comment_status":"closed","ping_status":"closed","template":"","meta":[],"_links":{"self":[{"href":"https:\/\/ruralsolidarity.eu\/index.php\/wp-json\/wp\/v2\/pages\/1931"}],"collection":[{"href":"https:\/\/ruralsolidarity.eu\/index.php\/wp-json\/wp\/v2\/pages"}],"about":[{"href":"https:\/\/ruralsolidarity.eu\/index.php\/wp-json\/wp\/v2\/types\/page"}],"author":[{"embeddable":true,"href":"https:\/\/ruralsolidarity.eu\/index.php\/wp-json\/wp\/v2\/users\/1"}],"replies":[{"embeddable":true,"href":"https:\/\/ruralsolidarity.eu\/index.php\/wp-json\/wp\/v2\/comments?post=1931"}],"version-history":[{"count":25,"href":"https:\/\/ruralsolidarity.eu\/index.php\/wp-json\/wp\/v2\/pages\/1931\/revisions"}],"predecessor-version":[{"id":2039,"href":"https:\/\/ruralsolidarity.eu\/index.php\/wp-json\/wp\/v2\/pages\/1931\/revisions\/2039"}],"wp:attachment":[{"href":"https:\/\/ruralsolidarity.eu\/index.php\/wp-json\/wp\/v2\/media?parent=1931"}],"curies":[{"name":"wp","href":"https:\/\/api.w.org\/{rel}","templated":true}]}}